{"id":992,"date":"2021-07-21T09:32:22","date_gmt":"2021-07-21T07:32:22","guid":{"rendered":"http:\/\/www.suduvos-medziotojai.lt\/?page_id=992"},"modified":"2021-08-27T09:38:39","modified_gmt":"2021-08-27T07:38:39","slug":"teises-aktai","status":"publish","type":"page","link":"http:\/\/www.suduvos-medziotojai.lt\/?page_id=992","title":{"rendered":"Teis\u0117s aktai"},"content":{"rendered":"\t\t<div data-elementor-type=\"wp-page\" data-elementor-id=\"992\" class=\"elementor elementor-992\" data-elementor-post-type=\"page\">\n\t\t\t\t\t\t<section class=\"elementor-section elementor-top-section elementor-element elementor-element-ec54937 elementor-section-boxed elementor-section-height-default elementor-section-height-default\" data-id=\"ec54937\" data-element_type=\"section\">\n\t\t\t\t\t\t<div class=\"elementor-container elementor-column-gap-default\">\n\t\t\t\t\t<div class=\"elementor-column elementor-col-100 elementor-top-column elementor-element elementor-element-d338f8a\" data-id=\"d338f8a\" data-element_type=\"column\">\n\t\t\t<div class=\"elementor-widget-wrap elementor-element-populated\">\n\t\t\t\t\t\t<div class=\"elementor-element elementor-element-b2a0331 elementor-widget elementor-widget-image\" data-id=\"b2a0331\" data-element_type=\"widget\" data-widget_type=\"image.default\">\n\t\t\t\t<div class=\"elementor-widget-container\">\n\t\t\t\t\t\t\t\t\t\t\t\t\t\t\t<img fetchpriority=\"high\" decoding=\"async\" width=\"300\" height=\"200\" src=\"http:\/\/www.suduvos-medziotojai.lt\/wp-content\/uploads\/2021\/06\/DSCF9614-1-300x200.jpg\" class=\"attachment-medium size-medium wp-image-697\" alt=\"\" srcset=\"http:\/\/www.suduvos-medziotojai.lt\/wp-content\/uploads\/2021\/06\/DSCF9614-1-300x200.jpg 300w, http:\/\/www.suduvos-medziotojai.lt\/wp-content\/uploads\/2021\/06\/DSCF9614-1-1024x683.jpg 1024w, http:\/\/www.suduvos-medziotojai.lt\/wp-content\/uploads\/2021\/06\/DSCF9614-1-768x512.jpg 768w, http:\/\/www.suduvos-medziotojai.lt\/wp-content\/uploads\/2021\/06\/DSCF9614-1-1536x1024.jpg 1536w, http:\/\/www.suduvos-medziotojai.lt\/wp-content\/uploads\/2021\/06\/DSCF9614-1-2048x1365.jpg 2048w, http:\/\/www.suduvos-medziotojai.lt\/wp-content\/uploads\/2021\/06\/DSCF9614-1-1568x1045.jpg 1568w\" sizes=\"(max-width: 34.9rem) calc(100vw - 2rem), (max-width: 53rem) calc(8 * (100vw \/ 12)), (min-width: 53rem) calc(6 * (100vw \/ 12)), 100vw\" \/>\t\t\t\t\t\t\t\t\t\t\t\t\t\t\t<\/div>\n\t\t\t\t<\/div>\n\t\t\t\t<div class=\"elementor-element elementor-element-d0fa067 elementor-widget elementor-widget-heading\" data-id=\"d0fa067\" data-element_type=\"widget\" data-widget_type=\"heading.default\">\n\t\t\t\t<div class=\"elementor-widget-container\">\n\t\t\t\t\t<h2 class=\"elementor-heading-title elementor-size-large\">Teis\u0117s aktai susij\u0119 su med\u017eiokle<\/h2>\t\t\t\t<\/div>\n\t\t\t\t<\/div>\n\t\t\t\t<div class=\"elementor-element elementor-element-654bb54 elementor-widget elementor-widget-text-editor\" data-id=\"654bb54\" data-element_type=\"widget\" data-widget_type=\"text-editor.default\">\n\t\t\t\t<div class=\"elementor-widget-container\">\n\t\t\t\t\t\t\t\t\t<p><a href=\"http:\/\/www.suduvos-medziotojai.lt\/wp-content\/uploads\/2021\/08\/Medziokles-istatymas.pdf\">Med\u017eiokl\u0117s \u012fstatymas<\/a><\/p>\t\t\t\t\t\t\t\t<\/div>\n\t\t\t\t<\/div>\n\t\t\t\t<div class=\"elementor-element elementor-element-4b84ed7 elementor-widget elementor-widget-text-editor\" data-id=\"4b84ed7\" data-element_type=\"widget\" data-widget_type=\"text-editor.default\">\n\t\t\t\t<div class=\"elementor-widget-container\">\n\t\t\t\t\t\t\t\t\t<p><a href=\"http:\/\/www.suduvos-medziotojai.lt\/wp-content\/uploads\/2021\/08\/Medziokles-taisykles.pdf\">Med\u017eiokl\u0117s taisykl\u0117s<\/a><\/p>\t\t\t\t\t\t\t\t<\/div>\n\t\t\t\t<\/div>\n\t\t\t\t<div class=\"elementor-element elementor-element-a667c3b elementor-widget elementor-widget-text-editor\" data-id=\"a667c3b\" data-element_type=\"widget\" data-widget_type=\"text-editor.default\">\n\t\t\t\t<div class=\"elementor-widget-container\">\n\t\t\t\t\t\t\t\t\t<p><a href=\"http:\/\/www.suduvos-medziotojai.lt\/wp-content\/uploads\/2021\/08\/Medziokles-egzamino-tvarka-mokymo-ir-stazuotes-programa.pdf\">Med\u017eiokl\u0117s egzamino tvarka, mokymo ir sta\u017euot\u0117s programa<\/a><\/p>\t\t\t\t\t\t\t\t<\/div>\n\t\t\t\t<\/div>\n\t\t\t\t<div class=\"elementor-element elementor-element-427ac03 elementor-widget elementor-widget-text-editor\" data-id=\"427ac03\" data-element_type=\"widget\" data-widget_type=\"text-editor.default\">\n\t\t\t\t<div class=\"elementor-widget-container\">\n\t\t\t\t\t\t\t\t\t<p><a href=\"http:\/\/www.suduvos-medziotojai.lt\/wp-content\/uploads\/2021\/08\/Afrikinio-kiauliu-maro-stebesena-ir-kontrole.pdf\">Afrikinio kiauli\u0173 maro steb\u0117sena ir kontrol\u0117<\/a><\/p>\n<p><a href=\"http:\/\/www.suduvos-medziotojai.lt\/wp-content\/uploads\/2021\/08\/Aplinkos-apsaugos-istatymas.pdf\">Aplinkos apsaugos \u012fstatymas<\/a><\/p>\n<p><a href=\"http:\/\/www.suduvos-medziotojai.lt\/wp-content\/uploads\/2021\/08\/Bendruju-buveiniu-ir-pauksciu-apsaugai-svarbiu-teritoriju-nuostatai.pdf\">Bendr\u0173j\u0173 buveini\u0173 ir pauk\u0161\u010di\u0173 apsaugai svarbi\u0173 teritorij\u0173 nuostatai<\/a><\/p>\n<p><a href=\"http:\/\/www.suduvos-medziotojai.lt\/wp-content\/uploads\/2021\/08\/Elniniu-atrankines-medziokles-nuostatu-1-priedas.pdf\">Elnini\u0173 atrankin\u0117s med\u017eiokl\u0117s nuostat\u0173 1 priedas<\/a><\/p>\n<p><a href=\"http:\/\/www.suduvos-medziotojai.lt\/wp-content\/uploads\/2021\/08\/Elniniu-atrankines-medziokles-nuostatu-2-priedas.pdf\">Elnini\u0173 atrankin\u0117s med\u017eiokl\u0117s nuostat\u0173 2 priedas<\/a><\/p>\n<p><a href=\"http:\/\/www.suduvos-medziotojai.lt\/wp-content\/uploads\/2021\/08\/Elniniu-atrankines-medziokles-nuostatu-3-priedas.pdf\">Elnini\u0173 atrankin\u0117s med\u017eiokl\u0117s nuostat\u0173 3 priedas<\/a><\/p><p> <a href=\"http:\/\/www.suduvos-medziotojai.lt\/wp-content\/uploads\/2021\/08\/Elniniu-atrankines-medziokles-nuostatu-4-priedas.pdf\">Elnini\u0173 atrankin\u0117s med\u017eiokl\u0117s nuostat\u0173 4 priedas<\/a>&nbsp;<\/p><p><a href=\"http:\/\/www.suduvos-medziotojai.lt\/wp-content\/uploads\/2021\/08\/Elniniu-atrankines-medziokles-nuostatu-5-priedas.pdf\">Elnini\u0173 atrankin\u0117s med\u017eiokl\u0117s nuostat\u0173 5 priedas<\/a>&nbsp;<\/p><p><a href=\"http:\/\/www.suduvos-medziotojai.lt\/wp-content\/uploads\/2021\/08\/Elniniu-atrankines-medziokles-nuostatu-6-priedas.pdf\">Elnini\u0173 atrankin\u0117s med\u017eiokl\u0117s nuostat\u0173 6 priedas<\/a>&nbsp;<\/p><p><a href=\"http:\/\/www.suduvos-medziotojai.lt\/wp-content\/uploads\/2021\/08\/Elniniu-atrankines-medziokles-nuostatu-7-priedas.pdf\">Elnini\u0173 atrankin\u0117s med\u017eiokl\u0117s nuostat\u0173 7 priedas<\/a><\/p><p> <a href=\"http:\/\/www.suduvos-medziotojai.lt\/wp-content\/uploads\/2021\/08\/Elniniu-atrankines-medziokles-nuostatu-8-priedas.pdf\">Elnini\u0173 atrankin\u0117s med\u017eiokl\u0117s nuostat\u0173 8 priedas<\/a>&nbsp;<\/p><p><a href=\"http:\/\/www.suduvos-medziotojai.lt\/wp-content\/uploads\/2021\/08\/Gyvunu-geroves-istatymas.pdf\">Gyv\u016bn\u0173 gerov\u0117s \u012fstatymas<\/a>&nbsp;<\/p><p><a href=\"http:\/\/www.suduvos-medziotojai.lt\/wp-content\/uploads\/2021\/08\/Komisijos-medziokles-plotu-vienetams-sudaryti-ir-ju-ribams-pakeisti-nuostatai.pdf\">Komisijos med\u017eiokl\u0117s plot\u0173 vienetams sudaryti ir j\u0173 ribams pakeisti nuostatai<\/a>&nbsp;<\/p><p><a href=\"http:\/\/www.suduvos-medziotojai.lt\/wp-content\/uploads\/2021\/08\/Lankymosi-miske-taisykles.pdf\">Lankymosi mi\u0161ke taisykl\u0117s<\/a>&nbsp;<\/p><p><a href=\"http:\/\/www.suduvos-medziotojai.lt\/wp-content\/uploads\/2021\/08\/Laukiniu-gyvunu-naudojimo-taisykles.pdf\">Laukini\u0173 gyv\u016bn\u0173 naudojimo taisykl\u0117s<\/a><\/p><p> <a href=\"http:\/\/www.suduvos-medziotojai.lt\/wp-content\/uploads\/2021\/08\/Leidimo-naudoti-medziojamuosius-isteklius-MPV-konkurso-organizavimo-tvarka.pdf\">Leidimo naudoti med\u017eiojamuosius i\u0161teklius MPV konkurso organizavimo tvarka<\/a>&nbsp;<\/p><p><a href=\"http:\/\/www.suduvos-medziotojai.lt\/wp-content\/uploads\/2021\/08\/Mazais-kiekiais-gaminamos-laukiniu-gyvunu-mesos-veterinarijos-reikalavimu.pdf\">Ma\u017eais kiekiais gaminamos laukini\u0173 gyv\u016bn\u0173 m\u0117sos veterinarijos reikalavim\u0173<\/a>&nbsp;<\/p><p><a href=\"http:\/\/www.suduvos-medziotojai.lt\/wp-content\/uploads\/2021\/08\/Medziojamuju-gyvunu-gausos-reguliavimas-teritorijose-kuriose-medzioti-draudziama.pdf\">Med\u017eiojam\u0173j\u0173 gyv\u016bn\u0173 gausos reguliavimas teritorijose, kuriose med\u017eioti draud\u017eiama<\/a><\/p><p> <a href=\"http:\/\/www.suduvos-medziotojai.lt\/wp-content\/uploads\/2021\/08\/Medziojamuju-gyvunu-istekliu-naudojimo-salygos.pdf\">Med\u017eiojam\u0173j\u0173 gyv\u016bn\u0173 i\u0161tekli\u0173 naudojimo s\u0105lygos<\/a><\/p><p> <a href=\"http:\/\/www.suduvos-medziotojai.lt\/wp-content\/uploads\/2021\/08\/Medziojamuju-gyvunu-padarytos-zalos-apskaiciavimo-metodika.pdf\">Med\u017eiojam\u0173j\u0173 gyv\u016bn\u0173 padarytos \u017ealos apskai\u010diavimo metodika<\/a><\/p><p> <a href=\"http:\/\/www.suduvos-medziotojai.lt\/wp-content\/uploads\/2021\/08\/Medziokles-dokumentu-lapu-formos.pdf\">Med\u017eiokl\u0117s dokument\u0173 (lap\u0173 formos)<\/a><\/p><p><a href=\"http:\/\/www.suduvos-medziotojai.lt\/wp-content\/uploads\/2021\/08\/Medziokletvarkos-projektu-rengimo-aptarimo-ir-derinimo-tvarka.pdf\">Med\u017eiokl\u0117tvarkos projekt\u0173 rengimo, aptarimo ir derinimo tvarka<\/a>&nbsp;<\/p><p><a href=\"http:\/\/www.suduvos-medziotojai.lt\/wp-content\/uploads\/2021\/08\/Medziotojo-bilieto-paemimo-grazinimo-tvarka.pdf\">Med\u017eiotojo bilieto pa\u0117mimo gra\u017einimo tvarka<\/a><\/p><p> <a href=\"http:\/\/www.suduvos-medziotojai.lt\/wp-content\/uploads\/2021\/08\/Medziotoju-selekcininku-kvalifikacijos-suteikimo-tvarka.pdf\">Med\u017eiotoj\u0173 selekcinink\u0173 kvalifikacijos suteikimo tvarka<\/a><\/p><p> <a href=\"http:\/\/www.suduvos-medziotojai.lt\/wp-content\/uploads\/2021\/08\/Misku-istatymas.pdf\">Mi\u0161k\u0173 \u012fstatymas<\/a><\/p><p> <a href=\"http:\/\/www.suduvos-medziotojai.lt\/wp-content\/uploads\/2021\/08\/Neteisetai-sumedziotu-igytu-pasisavintu-gyvunu-realizavimas-ar-sunaikinimas-taisykles.pdf\">Neteis\u0117tai sumed\u017eiot\u0173, \u012fgyt\u0173, pasisavint\u0173 gyv\u016bn\u0173 realizavimas ar sunaikinimas (taisykl\u0117s)<\/a><\/p><p> <a href=\"http:\/\/www.suduvos-medziotojai.lt\/wp-content\/uploads\/2021\/08\/Saugomoms-rusims-padarytos-zalos-apskaiciavimo-metodika.pdf\">Saugomoms r\u016b\u0161ims padarytos \u017ealos apskai\u010diavimo metodika<\/a><\/p><p> <a href=\"http:\/\/www.suduvos-medziotojai.lt\/wp-content\/uploads\/2021\/08\/Saugomu-gyvunu-istatymas.pdf\">Saugom\u0173 gyv\u016bn\u0173 \u012fstatymas<\/a><\/p><p> <a href=\"http:\/\/www.suduvos-medziotojai.lt\/wp-content\/uploads\/2021\/08\/Saugomu-gyvunu-sarasas.pdf\">Saugom\u0173 gyv\u016bn\u0173 s\u0105ra\u0161as<\/a><\/p><p> <a href=\"http:\/\/www.suduvos-medziotojai.lt\/wp-content\/uploads\/2021\/08\/Saugomu-rusiu-naudojimo-tvarka.pdf\">Saugom\u0173 r\u016b\u0161i\u0173 naudojimo tvarka<\/a><\/p><p> <a href=\"http:\/\/www.suduvos-medziotojai.lt\/wp-content\/uploads\/2021\/08\/Saugomu-teritoriju-istatymas.pdf\">Saugom\u0173 teritorij\u0173 \u012fstatymas<\/a><\/p><p> <a href=\"http:\/\/www.suduvos-medziotojai.lt\/wp-content\/uploads\/2021\/08\/Specialiuju-zemes-naudojimo-salygu-istatymas.pdf\">Speciali\u0173j\u0173 \u017eem\u0117s naudojimo s\u0105lyg\u0173 \u012fstatymas<\/a>&nbsp;<\/p><p><a href=\"http:\/\/www.suduvos-medziotojai.lt\/wp-content\/uploads\/2021\/08\/Trofeju-apziuros-tvarka-ir-Elniniu-atrankines-medziokles-nuostatai.pdf\">Trof\u0117j\u0173 ap\u017ei\u016bros tvarka ir Elnini\u0173 atrankin\u0117s med\u017eiokl\u0117s nuostatai<\/a><\/p><p> <a href=\"http:\/\/www.suduvos-medziotojai.lt\/wp-content\/uploads\/2021\/08\/Trofeju-apziuros-tvarkos-1-priedas.pdf\">Trof\u0117j\u0173 ap\u017ei\u016bros tvarkos 1 priedas<\/a><\/p><p> <a href=\"http:\/\/www.suduvos-medziotojai.lt\/wp-content\/uploads\/2021\/08\/Trofeju-apziuros-tvarkos-2-priedas.pdf\">Trof\u0117j\u0173 ap\u017ei\u016bros tvarkos 2 priedas<\/a><\/p><p>T<a href=\"http:\/\/www.suduvos-medziotojai.lt\/wp-content\/uploads\/2021\/08\/trofeju-apziuros-tvarkos-3-priedas.pdf\">rof\u0117j\u0173 ap\u017ei\u016bros tvarkos 3 priedas<\/a><\/p><p> <a href=\"http:\/\/www.suduvos-medziotojai.lt\/wp-content\/uploads\/2021\/08\/Veterinarines-prieziuros-medziokleje-reikalavimai.pdf\">Veterinarin\u0117s prie\u017ei\u016bros med\u017eiokl\u0117je reikalavimai<\/a><\/p><p> <a href=\"http:\/\/www.suduvos-medziotojai.lt\/wp-content\/uploads\/2021\/08\/Vilko-apsaugos-planas.pdf\">Vilko apsaugos planas<\/a><\/p>\t\t\t\t\t\t\t\t<\/div>\n\t\t\t\t<\/div>\n\t\t\t\t\t<\/div>\n\t\t<\/div>\n\t\t\t\t\t<\/div>\n\t\t<\/section>\n\t\t\t\t<section class=\"elementor-section elementor-top-section elementor-element elementor-element-b30408b elementor-section-boxed elementor-section-height-default elementor-section-height-default\" data-id=\"b30408b\" data-element_type=\"section\">\n\t\t\t\t\t\t<div class=\"elementor-container elementor-column-gap-default\">\n\t\t\t\t\t<div class=\"elementor-column elementor-col-100 elementor-top-column elementor-element elementor-element-a549269\" data-id=\"a549269\" data-element_type=\"column\">\n\t\t\t<div class=\"elementor-widget-wrap elementor-element-populated\">\n\t\t\t\t\t\t<div class=\"elementor-element elementor-element-16888c0 elementor-widget elementor-widget-heading\" data-id=\"16888c0\" data-element_type=\"widget\" data-widget_type=\"heading.default\">\n\t\t\t\t<div class=\"elementor-widget-container\">\n\t\t\t\t\t<h2 class=\"elementor-heading-title elementor-size-large\">Ginkl\u0173 teis\u0117s aktai<\/h2>\t\t\t\t<\/div>\n\t\t\t\t<\/div>\n\t\t\t\t\t<\/div>\n\t\t<\/div>\n\t\t\t\t\t<\/div>\n\t\t<\/section>\n\t\t\t\t<section class=\"elementor-section elementor-top-section elementor-element elementor-element-7a6d496 elementor-section-boxed elementor-section-height-default elementor-section-height-default\" data-id=\"7a6d496\" data-element_type=\"section\">\n\t\t\t\t\t\t<div class=\"elementor-container elementor-column-gap-default\">\n\t\t\t\t\t<div class=\"elementor-column elementor-col-100 elementor-top-column elementor-element elementor-element-1498ba6\" data-id=\"1498ba6\" data-element_type=\"column\">\n\t\t\t<div class=\"elementor-widget-wrap elementor-element-populated\">\n\t\t\t\t\t\t<div class=\"elementor-element elementor-element-b42a4fb elementor-widget elementor-widget-text-editor\" data-id=\"b42a4fb\" data-element_type=\"widget\" data-widget_type=\"text-editor.default\">\n\t\t\t\t<div class=\"elementor-widget-container\">\n\t\t\t\t\t\t\t\t\t<p><a href=\"http:\/\/www.suduvos-medziotojai.lt\/wp-content\/uploads\/2021\/08\/Ginklu-ir-saudmenu-kontroles-istatymas.pdf\">Ginkl\u0173 ir \u0161audmen\u0173 kontrol\u0117s \u012fstatymas<\/a><\/p>\t\t\t\t\t\t\t\t<\/div>\n\t\t\t\t<\/div>\n\t\t\t\t\t<\/div>\n\t\t<\/div>\n\t\t\t\t\t<\/div>\n\t\t<\/section>\n\t\t\t\t<section class=\"elementor-section elementor-top-section elementor-element elementor-element-ea1c799 elementor-section-boxed elementor-section-height-default elementor-section-height-default\" data-id=\"ea1c799\" data-element_type=\"section\">\n\t\t\t\t\t\t<div class=\"elementor-container elementor-column-gap-default\">\n\t\t\t\t\t<div class=\"elementor-column elementor-col-100 elementor-top-column elementor-element elementor-element-04b87ee\" data-id=\"04b87ee\" data-element_type=\"column\">\n\t\t\t<div class=\"elementor-widget-wrap elementor-element-populated\">\n\t\t\t\t\t\t<div class=\"elementor-element elementor-element-35ce5db elementor-widget elementor-widget-text-editor\" data-id=\"35ce5db\" data-element_type=\"widget\" data-widget_type=\"text-editor.default\">\n\t\t\t\t<div class=\"elementor-widget-container\">\n\t\t\t\t\t\t\t\t\t<p><a href=\"http:\/\/www.suduvos-medziotojai.lt\/wp-content\/uploads\/2021\/08\/ES-direktyva-del-ginklu-isigijimo-ir-laikymo-kontroles-5.pdf\">ES direktyva d\u0117l ginkl\u0173 \u012fsigijimo ir laikymo kontrol\u0117s<\/a><\/p>\t\t\t\t\t\t\t\t<\/div>\n\t\t\t\t<\/div>\n\t\t\t\t\t<\/div>\n\t\t<\/div>\n\t\t\t\t\t<\/div>\n\t\t<\/section>\n\t\t\t\t<section class=\"elementor-section elementor-top-section elementor-element elementor-element-17aa8b7 elementor-section-boxed elementor-section-height-default elementor-section-height-default\" data-id=\"17aa8b7\" data-element_type=\"section\">\n\t\t\t\t\t\t<div class=\"elementor-container elementor-column-gap-default\">\n\t\t\t\t\t<div class=\"elementor-column elementor-col-100 elementor-top-column elementor-element elementor-element-a3f5c05\" data-id=\"a3f5c05\" data-element_type=\"column\">\n\t\t\t<div class=\"elementor-widget-wrap elementor-element-populated\">\n\t\t\t\t\t\t<div class=\"elementor-element elementor-element-041c556 elementor-widget elementor-widget-text-editor\" data-id=\"041c556\" data-element_type=\"widget\" data-widget_type=\"text-editor.default\">\n\t\t\t\t<div class=\"elementor-widget-container\">\n\t\t\t\t\t\t\t\t\t<p><a href=\"http:\/\/www.suduvos-medziotojai.lt\/wp-content\/uploads\/2021\/08\/Priedas-Ginklo-laikymo-deklaracija-pagal-5-V-46-2.pdf\">Priedas Ginklo laikymo deklaracija pagal 5-V-46<\/a><\/p>\t\t\t\t\t\t\t\t<\/div>\n\t\t\t\t<\/div>\n\t\t\t\t\t<\/div>\n\t\t<\/div>\n\t\t\t\t\t<\/div>\n\t\t<\/section>\n\t\t\t\t<section class=\"elementor-section elementor-top-section elementor-element elementor-element-5004122 elementor-section-boxed elementor-section-height-default elementor-section-height-default\" data-id=\"5004122\" data-element_type=\"section\">\n\t\t\t\t\t\t<div class=\"elementor-container elementor-column-gap-default\">\n\t\t\t\t\t<div class=\"elementor-column elementor-col-100 elementor-top-column elementor-element elementor-element-728290b\" data-id=\"728290b\" data-element_type=\"column\">\n\t\t\t<div class=\"elementor-widget-wrap elementor-element-populated\">\n\t\t\t\t\t\t<div class=\"elementor-element elementor-element-ecdd928 elementor-widget elementor-widget-text-editor\" data-id=\"ecdd928\" data-element_type=\"widget\" data-widget_type=\"text-editor.default\">\n\t\t\t\t<div class=\"elementor-widget-container\">\n\t\t\t\t\t\t\t\t\t<p><a href=\"http:\/\/www.suduvos-medziotojai.lt\/wp-content\/uploads\/2021\/08\/Ginklu-ir-saudmenu-civilines-apyvartos-ir-kontroles-taisykles-3.pdf\">Ginkl\u0173 ir \u0161audmen\u0173 civilin\u0117s apyvartos ir kontrol\u0117s taisykl\u0117s<\/a><\/p>\t\t\t\t\t\t\t\t<\/div>\n\t\t\t\t<\/div>\n\t\t\t\t\t<\/div>\n\t\t<\/div>\n\t\t\t\t\t<\/div>\n\t\t<\/section>\n\t\t\t\t<section class=\"elementor-section elementor-top-section elementor-element elementor-element-3052009 elementor-section-boxed elementor-section-height-default elementor-section-height-default\" data-id=\"3052009\" data-element_type=\"section\">\n\t\t\t\t\t\t<div class=\"elementor-container elementor-column-gap-default\">\n\t\t\t\t\t<div class=\"elementor-column elementor-col-100 elementor-top-column elementor-element elementor-element-ba07f88\" data-id=\"ba07f88\" data-element_type=\"column\">\n\t\t\t<div class=\"elementor-widget-wrap elementor-element-populated\">\n\t\t\t\t\t\t<div class=\"elementor-element elementor-element-662a1bd elementor-widget elementor-widget-text-editor\" data-id=\"662a1bd\" data-element_type=\"widget\" data-widget_type=\"text-editor.default\">\n\t\t\t\t<div class=\"elementor-widget-container\">\n\t\t\t\t\t\t\t\t\t<p><a href=\"http:\/\/www.suduvos-medziotojai.lt\/wp-content\/uploads\/2021\/08\/Bukletas-del-leidimo-pratesimo-2017-1.pdf\">Bukletas-d\u0117l-leidimo-pratesimo-2017<\/a><\/p>\t\t\t\t\t\t\t\t<\/div>\n\t\t\t\t<\/div>\n\t\t\t\t\t<\/div>\n\t\t<\/div>\n\t\t\t\t\t<\/div>\n\t\t<\/section>\n\t\t\t\t<section class=\"elementor-section elementor-top-section elementor-element elementor-element-37f77c6 elementor-section-boxed elementor-section-height-default elementor-section-height-default\" data-id=\"37f77c6\" data-element_type=\"section\">\n\t\t\t\t\t\t<div class=\"elementor-container elementor-column-gap-default\">\n\t\t\t\t\t<div class=\"elementor-column elementor-col-100 elementor-top-column elementor-element elementor-element-cea73fe\" data-id=\"cea73fe\" data-element_type=\"column\">\n\t\t\t<div class=\"elementor-widget-wrap elementor-element-populated\">\n\t\t\t\t\t\t<div class=\"elementor-element elementor-element-899542e elementor-widget elementor-widget-text-editor\" data-id=\"899542e\" data-element_type=\"widget\" data-widget_type=\"text-editor.default\">\n\t\t\t\t<div class=\"elementor-widget-container\">\n\t\t\t\t\t\t\t\t\t<p><a href=\"http:\/\/www.suduvos-medziotojai.lt\/wp-content\/uploads\/2021\/08\/Bukletas-del-ginklu-laikymo-salygu-deklaravimo-2018-1.pdf\">Bukletas-d\u0117l-ginklu-laikymo-salygu-deklaravimo-2018<\/a><\/p>\t\t\t\t\t\t\t\t<\/div>\n\t\t\t\t<\/div>\n\t\t\t\t\t<\/div>\n\t\t<\/div>\n\t\t\t\t\t<\/div>\n\t\t<\/section>\n\t\t\t\t<\/div>\n\t\t","protected":false},"excerpt":{"rendered":"<p>Teis\u0117s aktai susij\u0119 su med\u017eiokle Med\u017eiokl\u0117s \u012fstatymas Med\u017eiokl\u0117s taisykl\u0117s Med\u017eiokl\u0117s egzamino tvarka, mokymo ir sta\u017euot\u0117s programa Afrikinio kiauli\u0173 maro steb\u0117sena ir kontrol\u0117 Aplinkos apsaugos \u012fstatymas Bendr\u0173j\u0173 buveini\u0173 ir pauk\u0161\u010di\u0173 apsaugai svarbi\u0173 teritorij\u0173 nuostatai Elnini\u0173 atrankin\u0117s med\u017eiokl\u0117s nuostat\u0173 1 priedas Elnini\u0173 atrankin\u0117s med\u017eiokl\u0117s nuostat\u0173 2 priedas Elnini\u0173 atrankin\u0117s med\u017eiokl\u0117s nuostat\u0173 3 priedas Elnini\u0173 atrankin\u0117s med\u017eiokl\u0117s nuostat\u0173 &hellip; <\/p>\n<p class=\"link-more\"><a href=\"http:\/\/www.suduvos-medziotojai.lt\/?page_id=992\" class=\"more-link\">Continue reading<span class=\"screen-reader-text\"> &#8220;Teis\u0117s aktai&#8221;<\/span><\/a><\/p>\n","protected":false},"author":2,"featured_media":0,"parent":0,"menu_order":0,"comment_status":"closed","ping_status":"closed","template":"","meta":{"inline_featured_image":false,"footnotes":""},"_links":{"self":[{"href":"http:\/\/www.suduvos-medziotojai.lt\/index.php?rest_route=\/wp\/v2\/pages\/992"}],"collection":[{"href":"http:\/\/www.suduvos-medziotojai.lt\/index.php?rest_route=\/wp\/v2\/pages"}],"about":[{"href":"http:\/\/www.suduvos-medziotojai.lt\/index.php?rest_route=\/wp\/v2\/types\/page"}],"author":[{"embeddable":true,"href":"http:\/\/www.suduvos-medziotojai.lt\/index.php?rest_route=\/wp\/v2\/users\/2"}],"replies":[{"embeddable":true,"href":"http:\/\/www.suduvos-medziotojai.lt\/index.php?rest_route=%2Fwp%2Fv2%2Fcomments&post=992"}],"version-history":[{"count":37,"href":"http:\/\/www.suduvos-medziotojai.lt\/index.php?rest_route=\/wp\/v2\/pages\/992\/revisions"}],"predecessor-version":[{"id":1260,"href":"http:\/\/www.suduvos-medziotojai.lt\/index.php?rest_route=\/wp\/v2\/pages\/992\/revisions\/1260"}],"wp:attachment":[{"href":"http:\/\/www.suduvos-medziotojai.lt\/index.php?rest_route=%2Fwp%2Fv2%2Fmedia&parent=992"}],"curies":[{"name":"wp","href":"https:\/\/api.w.org\/{rel}","templated":true}]}}