{"id":85,"date":"2020-12-06T12:08:52","date_gmt":"2020-12-06T10:08:52","guid":{"rendered":"http:\/\/www.suduvos-medziotojai.lt\/?page_id=85"},"modified":"2021-06-30T08:30:20","modified_gmt":"2021-06-30T06:30:20","slug":"kontaktai","status":"publish","type":"page","link":"https:\/\/www.suduvos-medziotojai.lt\/?page_id=85","title":{"rendered":"Kontaktai"},"content":{"rendered":"\t\t<div data-elementor-type=\"wp-page\" data-elementor-id=\"85\" class=\"elementor elementor-85\" data-elementor-post-type=\"page\">\n\t\t\t\t\t\t<section class=\"elementor-section elementor-top-section elementor-element elementor-element-d5b1b61 elementor-section-boxed elementor-section-height-default elementor-section-height-default\" data-id=\"d5b1b61\" data-element_type=\"section\">\n\t\t\t\t\t\t<div class=\"elementor-container elementor-column-gap-default\">\n\t\t\t\t\t<div class=\"elementor-column elementor-col-100 elementor-top-column elementor-element elementor-element-0e1553f\" data-id=\"0e1553f\" data-element_type=\"column\">\n\t\t\t<div class=\"elementor-widget-wrap elementor-element-populated\">\n\t\t\t\t\t\t<div class=\"elementor-element elementor-element-07e317b elementor-widget elementor-widget-text-editor\" data-id=\"07e317b\" data-element_type=\"widget\" data-widget_type=\"text-editor.default\">\n\t\t\t\t<div class=\"elementor-widget-container\">\n\t\t\t\t\t\t\t\t\t<p><strong>S\u016bduvos med\u017eiotoj\u0173 s\u0105junga<\/strong><br \/><span style=\"font-family: var( --e-global-typography-text-font-family ), Sans-serif; font-size: var( --e-global-typography-text-font-size ); font-weight: var( --e-global-typography-text-font-weight );\">\u012e\/k 193511050<br \/><\/span><span style=\"font-family: var( --e-global-typography-text-font-family ), Sans-serif; font-size: var( --e-global-typography-text-font-size ); font-weight: var( --e-global-typography-text-font-weight );\">Registracijos adresas.: Tarpu\u010di\u0173 g. 114, Marijampol\u0117<br \/><\/span><span style=\"font-family: var( --e-global-typography-text-font-family ), Sans-serif; font-size: var( --e-global-typography-text-font-size ); font-weight: var( --e-global-typography-text-font-weight );\">Korespondencijos adresas: Papar\u010dio 9-oji g. 11, Liudvinavo k., Marijampol\u0117, Lietuva<br \/><\/span><span style=\"font-family: var( --e-global-typography-text-font-family ), Sans-serif; font-size: var( --e-global-typography-text-font-size ); font-weight: var( --e-global-typography-text-font-weight );\">Atsiskaitomoji s\u0105skaita LT047044060002068939<br \/><\/span><span style=\"font-family: var( --e-global-typography-text-font-family ), Sans-serif; font-size: var( --e-global-typography-text-font-size ); font-weight: var( --e-global-typography-text-font-weight );\">AB SEB bankas, banko kodas 70440<\/span><\/p><p><span style=\"font-family: var( --e-global-typography-text-font-family ), Sans-serif; font-size: var( --e-global-typography-text-font-size ); font-weight: var( --e-global-typography-text-font-weight );\">Pirmininkas Ram\u016bnas Ma\u017e\u0117tis, tel. 8 686 20622,\u00a0<\/span>el. p: <a href=\"mailto:ramunas.mazetis@gmail.com\">ramunas.mazetis@gmail.com<span style=\"font-family: var( --e-global-typography-text-font-family ), Sans-serif; font-size: var( --e-global-typography-text-font-size ); font-weight: var( --e-global-typography-text-font-weight );\"><br \/><\/span><\/a><span style=\"font-family: var( --e-global-typography-text-font-family ), Sans-serif; font-size: var( --e-global-typography-text-font-size ); font-weight: var( --e-global-typography-text-font-weight );\">Garb\u0117s pirmininkas Antanas Valin\u010dius, tel. 8 686 06000<br \/><\/span><span style=\"font-family: var( --e-global-typography-text-font-family ), Sans-serif; font-size: var( --e-global-typography-text-font-size ); font-weight: var( --e-global-typography-text-font-weight );\">Pirmininko pavaduotojas Valdas Kundrotas, tel. 8 686 37435<br \/><\/span><span style=\"font-family: var( --e-global-typography-text-font-family ), Sans-serif; font-size: var( --e-global-typography-text-font-size ); font-weight: var( --e-global-typography-text-font-weight );\">Pirmininko pavaduotojas Juozas Pu\u010dinskas, tel. 8 687 12892<br \/><\/span><span style=\"font-family: var( --e-global-typography-text-font-family ), Sans-serif; font-size: var( --e-global-typography-text-font-size ); font-weight: var( --e-global-typography-text-font-weight );\"><br \/><\/span><\/p>\t\t\t\t\t\t\t\t<\/div>\n\t\t\t\t<\/div>\n\t\t\t\t<div class=\"elementor-element elementor-element-96cdd51 elementor-shape-rounded elementor-grid-0 e-grid-align-center elementor-widget elementor-widget-social-icons\" data-id=\"96cdd51\" data-element_type=\"widget\" data-widget_type=\"social-icons.default\">\n\t\t\t\t<div class=\"elementor-widget-container\">\n\t\t\t\t\t\t\t<div class=\"elementor-social-icons-wrapper elementor-grid\">\n\t\t\t\t\t\t\t<span class=\"elementor-grid-item\">\n\t\t\t\t\t<a class=\"elementor-icon elementor-social-icon elementor-social-icon-facebook elementor-repeater-item-9839acf\" href=\"https:\/\/www.facebook.com\/SuduvosMedziotojai\" target=\"_blank\">\n\t\t\t\t\t\t<span class=\"elementor-screen-only\">Facebook<\/span>\n\t\t\t\t\t\t<i class=\"fab fa-facebook\"><\/i>\t\t\t\t\t<\/a>\n\t\t\t\t<\/span>\n\t\t\t\t\t\t\t<span class=\"elementor-grid-item\">\n\t\t\t\t\t<a class=\"elementor-icon elementor-social-icon elementor-social-icon-youtube elementor-repeater-item-d15c37f\" href=\"https:\/\/www.youtube.com\/channel\/UCfalqPKt1X0nyL5RODTU4bQ\" target=\"_blank\">\n\t\t\t\t\t\t<span class=\"elementor-screen-only\">Youtube<\/span>\n\t\t\t\t\t\t<i class=\"fab fa-youtube\"><\/i>\t\t\t\t\t<\/a>\n\t\t\t\t<\/span>\n\t\t\t\t\t<\/div>\n\t\t\t\t\t\t<\/div>\n\t\t\t\t<\/div>\n\t\t\t\t\t<\/div>\n\t\t<\/div>\n\t\t\t\t\t<\/div>\n\t\t<\/section>\n\t\t\t\t<\/div>\n\t\t","protected":false},"excerpt":{"rendered":"<p>S\u016bduvos med\u017eiotoj\u0173 s\u0105junga\u012e\/k 193511050Registracijos adresas.: Tarpu\u010di\u0173 g. 114, Marijampol\u0117Korespondencijos adresas: Papar\u010dio 9-oji g. 11, Liudvinavo k., Marijampol\u0117, LietuvaAtsiskaitomoji s\u0105skaita LT047044060002068939AB SEB bankas, banko kodas 70440 Pirmininkas Ram\u016bnas Ma\u017e\u0117tis, tel. 8 686 20622,\u00a0el. p: ramunas.mazetis@gmail.comGarb\u0117s pirmininkas Antanas Valin\u010dius, tel. 8 686 06000Pirmininko pavaduotojas Valdas Kundrotas, tel. 8 686 37435Pirmininko pavaduotojas Juozas Pu\u010dinskas, tel. 8 687 12892 &hellip; <\/p>\n<p class=\"link-more\"><a href=\"https:\/\/www.suduvos-medziotojai.lt\/?page_id=85\" class=\"more-link\">Continue reading<span class=\"screen-reader-text\"> &#8220;Kontaktai&#8221;<\/span><\/a><\/p>\n","protected":false},"author":1,"featured_media":0,"parent":74,"menu_order":0,"comment_status":"closed","ping_status":"closed","template":"","meta":{"inline_featured_image":false,"footnotes":""},"_links":{"self":[{"href":"https:\/\/www.suduvos-medziotojai.lt\/index.php?rest_route=\/wp\/v2\/pages\/85"}],"collection":[{"href":"https:\/\/www.suduvos-medziotojai.lt\/index.php?rest_route=\/wp\/v2\/pages"}],"about":[{"href":"https:\/\/www.suduvos-medziotojai.lt\/index.php?rest_route=\/wp\/v2\/types\/page"}],"author":[{"embeddable":true,"href":"https:\/\/www.suduvos-medziotojai.lt\/index.php?rest_route=\/wp\/v2\/users\/1"}],"replies":[{"embeddable":true,"href":"https:\/\/www.suduvos-medziotojai.lt\/index.php?rest_route=%2Fwp%2Fv2%2Fcomments&post=85"}],"version-history":[{"count":19,"href":"https:\/\/www.suduvos-medziotojai.lt\/index.php?rest_route=\/wp\/v2\/pages\/85\/revisions"}],"predecessor-version":[{"id":768,"href":"https:\/\/www.suduvos-medziotojai.lt\/index.php?rest_route=\/wp\/v2\/pages\/85\/revisions\/768"}],"up":[{"embeddable":true,"href":"https:\/\/www.suduvos-medziotojai.lt\/index.php?rest_route=\/wp\/v2\/pages\/74"}],"wp:attachment":[{"href":"https:\/\/www.suduvos-medziotojai.lt\/index.php?rest_route=%2Fwp%2Fv2%2Fmedia&parent=85"}],"curies":[{"name":"wp","href":"https:\/\/api.w.org\/{rel}","templated":true}]}}